{"id":477,"date":"2014-01-28T12:20:38","date_gmt":"2014-01-28T11:20:38","guid":{"rendered":"http:\/\/www.alacsystems.de\/?page_id=477"},"modified":"2016-07-21T10:04:48","modified_gmt":"2016-07-21T08:04:48","slug":"startseite","status":"publish","type":"page","link":"https:\/\/www.alacsystems.de\/en\/startseite\/","title":{"rendered":"Connectors and Wire Harnesses"},"content":{"rendered":"\n<style type=\"text\/css\" data-created_by=\"avia_inline_auto\" id=\"style-css-av-av_section-4ff2a71a1de1880337553797729a487d\">\n.avia-section.av-av_section-4ff2a71a1de1880337553797729a487d{\nbackground-color:#999999;\nbackground-image:url(https:\/\/www.alacsystems.de\/wp-content\/uploads\/2014\/09\/alac_bg_slider_fahnen01.jpg);\nbackground-repeat:no-repeat;\nbackground-position:50% 0%;\nbackground-attachment:fixed;\n}\n<\/style>\n<div id='av_section_1'  class='avia-section av-av_section-4ff2a71a1de1880337553797729a487d main_color avia-section-default avia-no-border-styling  avia-builder-el-0  el_before_av_section  avia-builder-el-first  avia-full-stretch avia-bg-style-fixed av-minimum-height av-minimum-height-100 av-height-100  container_wrap sidebar_right'  data-section-bg-repeat='stretch' data-av_minimum_height_pc='100' data-av_min_height_opt='100'><div class='container av-section-cont-open' ><main  role=\"main\" itemprop=\"mainContentOfPage\"  class='template-page content  av-content-small alpha units'><div class='post-entry post-entry-type-page post-entry-477'><div class='entry-content-wrapper clearfix'>\n\n<style type=\"text\/css\" data-created_by=\"avia_inline_auto\" id=\"style-css-av-av_heading-129cf5a9c88cf73b307f13cbcfa1b3f8\">\n#top .av-special-heading.av-av_heading-129cf5a9c88cf73b307f13cbcfa1b3f8{\npadding-bottom:10px;\ncolor:#ffffff;\nfont-size:35px;\n}\nbody .av-special-heading.av-av_heading-129cf5a9c88cf73b307f13cbcfa1b3f8 .av-special-heading-tag .heading-char{\nfont-size:25px;\n}\n#top #wrap_all .av-special-heading.av-av_heading-129cf5a9c88cf73b307f13cbcfa1b3f8 .av-special-heading-tag{\nfont-size:35px;\n}\n.av-special-heading.av-av_heading-129cf5a9c88cf73b307f13cbcfa1b3f8 .special-heading-inner-border{\nborder-color:#ffffff;\n}\n.av-special-heading.av-av_heading-129cf5a9c88cf73b307f13cbcfa1b3f8 .av-subheading{\nfont-size:20px;\n}\n\n@media only screen and (min-width: 480px) and (max-width: 767px){ \n#top #wrap_all .av-special-heading.av-av_heading-129cf5a9c88cf73b307f13cbcfa1b3f8 .av-special-heading-tag{\nfont-size:0.8em;\n}\n}\n\n@media only screen and (max-width: 479px){ \n#top #wrap_all .av-special-heading.av-av_heading-129cf5a9c88cf73b307f13cbcfa1b3f8 .av-special-heading-tag{\nfont-size:0.8em;\n}\n}\n<\/style>\n<div  class='av-special-heading av-av_heading-129cf5a9c88cf73b307f13cbcfa1b3f8 av-special-heading-h2 custom-color-heading blockquote modern-quote modern-centered  avia-builder-el-1  el_before_av_hr  avia-builder-el-first  av-inherit-size'><h2 class='av-special-heading-tag '  itemprop=\"headline\"  >Customized Connectors and Tailor-made Wire Harnesses<\/h2><div class='av_custom_color av-subheading av-subheading_below'><p>Customer oriented \u2022 Responsive \u2022 Innovative<\/p>\n<\/div><div class=\"special-heading-border\"><div class=\"special-heading-inner-border\"><\/div><\/div><\/div>\n\n<style type=\"text\/css\" data-created_by=\"avia_inline_auto\" id=\"style-css-av-av_hr-37db7774972b8d591729063a7f1a425c\">\n#top .hr.hr-invisible.av-av_hr-37db7774972b8d591729063a7f1a425c{\nheight:50px;\n}\n<\/style>\n<div  class='hr av-av_hr-37db7774972b8d591729063a7f1a425c hr-invisible  avia-builder-el-2  el_after_av_heading  el_before_av_one_third '><span class='hr-inner '><span class=\"hr-inner-style\"><\/span><\/span><\/div>\n<div  class='flex_column av-av_one_third-2a9015ff38129c418a3f2eafba3e9512 av_one_third  avia-builder-el-3  el_after_av_hr  el_before_av_one_third  first flex_column_div  '     ><article  class='iconbox iconbox_top av-av_icon_box-8044bd424bed051605d1f309989e7934  avia-builder-el-4  avia-builder-el-no-sibling  main_color'  itemscope=\"itemscope\" itemtype=\"https:\/\/schema.org\/CreativeWork\" ><div class=\"iconbox_content\"><header class=\"entry-content-header\" aria-label=\"Icon: Our Competencies\"><a href='https:\/\/www.alacsystems.de\/en\/services\/' title='Our Competencies'  class=\"iconbox_icon heading-color\" aria-hidden='true' data-av_icon='\ue808' data-av_iconfont='entypo-fontello'><\/a><h3 class='iconbox_content_title '  itemprop=\"headline\" ><a href='https:\/\/www.alacsystems.de\/en\/services\/' title='Our Competencies' >Our Competencies<\/a><\/h3><\/header><div class='iconbox_content_container '  itemprop=\"text\" ><p>We are able to provide you with exactly the support your projects require &#8211; from idea and concept management to adaptation of your logistics requirements.<br \/>\n<a title=\"Our Services\" href=\"https:\/\/www.alacsystems.de\/en\/services\/\">More&#8230;<\/a><\/p>\n<\/div><\/div><footer class=\"entry-footer\"><\/footer><\/article><\/div><div  class='flex_column av-av_one_third-b51168870d26eac9084c0e2dc495efe0 av_one_third  avia-builder-el-5  el_after_av_one_third  el_before_av_one_third  flex_column_div  '     ><article  class='iconbox iconbox_top av-av_icon_box-464b4984551ff2034440a18aaea17d11  avia-builder-el-6  avia-builder-el-no-sibling  main_color'  itemscope=\"itemscope\" itemtype=\"https:\/\/schema.org\/CreativeWork\" ><div class=\"iconbox_content\"><header class=\"entry-content-header\" aria-label=\"Icon: State-of-the-art Production\"><a href='https:\/\/www.alacsystems.de\/en\/services\/' title='State-of-the-art Production'  class=\"iconbox_icon heading-color\" aria-hidden='true' data-av_icon='\ue855' data-av_iconfont='entypo-fontello'><\/a><h3 class='iconbox_content_title '  itemprop=\"headline\" ><a href='https:\/\/www.alacsystems.de\/en\/services\/' title='State-of-the-art Production' >State-of-the-art Production<\/a><\/h3><\/header><div class='iconbox_content_container '  itemprop=\"text\" ><p>We offer advanced and professional technical capabilities &#8211; with certified quality.<br \/>\n<a title=\"Our Services\" href=\"https:\/\/www.alacsystems.de\/en\/services\/\">More&#8230;<\/a><\/p>\n<\/div><\/div><footer class=\"entry-footer\"><\/footer><\/article><\/div><div  class='flex_column av-av_one_third-b51168870d26eac9084c0e2dc495efe0 av_one_third  avia-builder-el-7  el_after_av_one_third  el_before_av_hr  flex_column_div  '     ><article  class='iconbox iconbox_top av-av_icon_box-5736be8e1e12ac27437631260ab29df9  avia-builder-el-8  avia-builder-el-no-sibling  main_color'  itemscope=\"itemscope\" itemtype=\"https:\/\/schema.org\/CreativeWork\" ><div class=\"iconbox_content\"><header class=\"entry-content-header\" aria-label=\"Icon: Our Products\"><div class=\"iconbox_icon heading-color\" aria-hidden='true' data-av_icon='\ue816' data-av_iconfont='entypo-fontello'><\/div><h3 class='iconbox_content_title '  itemprop=\"headline\" >Our Products<\/h3><\/header><div class='iconbox_content_container '  itemprop=\"text\" ><p>New development, modifications, adaptation and functional enhancing of standard connectors and wire harnesses &#8211; absolutely custom-made.<br \/>\n<a title=\"Products\" href=\"https:\/\/www.alacsystems.de\/en\/products\/\">More&#8230;<\/a><\/p>\n<\/div><\/div><footer class=\"entry-footer\"><\/footer><\/article><\/div>\n<style type=\"text\/css\" data-created_by=\"avia_inline_auto\" id=\"style-css-av-av_hr-37db7774972b8d591729063a7f1a425c\">\n#top .hr.hr-invisible.av-av_hr-37db7774972b8d591729063a7f1a425c{\nheight:50px;\n}\n<\/style>\n<div  class='hr av-av_hr-37db7774972b8d591729063a7f1a425c hr-invisible  avia-builder-el-9  el_after_av_one_third  el_before_av_button '><span class='hr-inner '><span class=\"hr-inner-style\"><\/span><\/span><\/div>\n<div  class='avia-button-wrap av-av_button-72477118918b53ac5f69f39859f326ae-wrap avia-button-center  avia-builder-el-10  el_after_av_hr  avia-builder-el-last '><a href='#appointment'  class='avia-button av-av_button-72477118918b53ac5f69f39859f326ae av-link-btn avia-icon_select-yes-left-icon avia-size-large avia-position-center avia-color-theme-color'   aria-label=\"Make an appointment\"><span class='avia_button_icon avia_button_icon_left' aria-hidden='true' data-av_icon='\ue85b' data-av_iconfont='entypo-fontello'><\/span><span class='avia_iconbox_title' >Make an appointment<\/span><\/a><\/div>\n<\/div><\/div><\/main><!-- close content main element --><\/div><\/div>\n<style type=\"text\/css\" data-created_by=\"avia_inline_auto\" id=\"style-css-av-av_section-30306272a35df951418175e4d2505c65\">\n.avia-section.av-av_section-30306272a35df951418175e4d2505c65{\nbackground-color:#ffffff;\nbackground-image:url(https:\/\/www.alacsystems.de\/wp-content\/uploads\/2014\/01\/alac_bg_verlauf03.png);\nbackground-repeat:repeat-x;\nbackground-position:50% 100%;\nbackground-attachment:scroll;\n}\n<\/style>\n<div id='appointment'  class='avia-section av-av_section-30306272a35df951418175e4d2505c65 main_color avia-section-default avia-shadow  avia-builder-el-11  el_after_av_section  avia-builder-el-last  avia-bg-style-scroll av-minimum-height av-minimum-height-100 av-height-100  container_wrap sidebar_right'  data-section-bg-repeat='repeat-x' data-av_minimum_height_pc='100' data-av_min_height_opt='100'><div class='container av-section-cont-open' ><div class='template-page content  av-content-small alpha units'><div class='post-entry post-entry-type-page post-entry-477'><div class='entry-content-wrapper clearfix'>\n<div  class='flex_column av-av_one_full-2a9015ff38129c418a3f2eafba3e9512 av_one_full  avia-builder-el-12  el_before_av_contact  avia-builder-el-first  first flex_column_div  '     ><style type=\"text\/css\" data-created_by=\"avia_inline_auto\" id=\"style-css-av-av_heading-9782bce80446833cb2087175efda54fa\">\n#top .av-special-heading.av-av_heading-9782bce80446833cb2087175efda54fa{\npadding-bottom:5px;\nfont-size:35px;\n}\nbody .av-special-heading.av-av_heading-9782bce80446833cb2087175efda54fa .av-special-heading-tag .heading-char{\nfont-size:25px;\n}\n#top #wrap_all .av-special-heading.av-av_heading-9782bce80446833cb2087175efda54fa .av-special-heading-tag{\nfont-size:35px;\n}\n.av-special-heading.av-av_heading-9782bce80446833cb2087175efda54fa .av-subheading{\nfont-size:15px;\n}\n\n@media only screen and (min-width: 480px) and (max-width: 767px){ \n#top #wrap_all .av-special-heading.av-av_heading-9782bce80446833cb2087175efda54fa .av-special-heading-tag{\nfont-size:0.8em;\n}\n}\n\n@media only screen and (max-width: 479px){ \n#top #wrap_all .av-special-heading.av-av_heading-9782bce80446833cb2087175efda54fa .av-special-heading-tag{\nfont-size:0.8em;\n}\n}\n<\/style>\n<div  class='av-special-heading av-av_heading-9782bce80446833cb2087175efda54fa av-special-heading-h1 blockquote modern-quote  avia-builder-el-13  avia-builder-el-no-sibling  av-inherit-size'><h1 class='av-special-heading-tag '  itemprop=\"headline\"  >Appointment<\/h1><div class='av-subheading av-subheading_below'><p>Without any obligation for you<\/p>\n<\/div><div class=\"special-heading-border\"><div class=\"special-heading-inner-border\"><\/div><\/div><\/div><\/div><form action=\"https:\/\/www.alacsystems.de\/en\/startseite\/\" method=\"post\" data-fields-with-error=\"Found errors in the following field(s):\" class=\"avia_ajax_form av-form-labels-visible   avia-builder-el-14  el_after_av_one_full  avia-builder-el-last   \" data-avia-form-id=\"1\" data-avia-redirect='' ><fieldset><p class='  first_form  form_element form_element_third' id='element_avia_1_1'><label for=\"avia_1_1\">Name <abbr class=\"required\" title=\"required\">*<\/abbr><\/label> <input name=\"avia_1_1\" class=\"text_input is_empty\" type=\"text\" id=\"avia_1_1\" value=\"\" \/><\/p><p class='  form_element form_element_third' id='element_avia_2_1'><label for=\"avia_2_1\">Company<\/label> <input name=\"avia_2_1\" class=\"text_input \" type=\"text\" id=\"avia_2_1\" value=\"\" \/><\/p><p class='  form_element form_element_third' id='element_avia_3_1'><label for=\"avia_3_1\">Industry<\/label> <input name=\"avia_3_1\" class=\"text_input \" type=\"text\" id=\"avia_3_1\" value=\"\" \/><\/p><p class='  first_form  form_element form_element_third' id='element_avia_4_1'><label for=\"avia_4_1\">Address <abbr class=\"required\" title=\"required\">*<\/abbr><\/label> <input name=\"avia_4_1\" class=\"text_input is_empty\" type=\"text\" id=\"avia_4_1\" value=\"\" \/><\/p><p class='  form_element form_element_third' id='element_avia_5_1'><label for=\"avia_5_1\">ZIP Code, Location <abbr class=\"required\" title=\"required\">*<\/abbr><\/label> <input name=\"avia_5_1\" class=\"text_input is_empty\" type=\"text\" id=\"avia_5_1\" value=\"\" \/><\/p><p class='  form_element form_element_third' id='element_avia_6_1'><label for=\"avia_6_1\">Phone number <abbr class=\"required\" title=\"required\">*<\/abbr><\/label> <input name=\"avia_6_1\" class=\"text_input is_empty\" type=\"text\" id=\"avia_6_1\" value=\"\" \/><\/p><p class='  first_form  form_element form_element_third' id='element_avia_7_1'><label for=\"avia_7_1\">E-Mail <abbr class=\"required\" title=\"required\">*<\/abbr><\/label> <input name=\"avia_7_1\" class=\"text_input is_email\" type=\"text\" id=\"avia_7_1\" value=\"\" \/><\/p><p class='  form_element form_element_third' id='element_avia_8_1'><label for=\"avia_8_1\">Please propose a date for an appointment<\/label> <input name=\"avia_8_1\" class=\"avia_datepicker text_input \" type=\"text\" id=\"avia_8_1\" value=\"\" placeholder=\"DD \/ MM \/ YY\" inputmode=\"none\" \/><\/p><p class='  form_element form_element_third av-last-visible-form-element' id='element_avia_9_1'><label for=\"avia_9_1\">Your project?<\/label> <input name=\"avia_9_1\" class=\"text_input \" type=\"text\" id=\"avia_9_1\" value=\"\" \/><\/p><p class=\"hidden\"><input type=\"text\" name=\"avia_10_1\" class=\"hidden \" id=\"avia_10_1\" value=\"\" \/><\/p><p class=\"form_element \"><input type=\"hidden\" value=\"1\" name=\"avia_generated_form1\" \/><input type=\"submit\" value=\"Send\" class=\"button\"  data-sending-label=\"Sending\"\/><\/p><\/fieldset><\/form><div id=\"ajaxresponse_1\" class=\"ajaxresponse ajaxresponse_1 hidden\"><\/div>\n<\/div><\/div><\/div><!-- close content main div --><\/div><\/div><div id='after_section_2'  class='main_color av_default_container_wrap container_wrap sidebar_right'  ><div class='container av-section-cont-open' ><div class='template-page content  av-content-small alpha units'><div class='post-entry post-entry-type-page post-entry-477'><div class='entry-content-wrapper clearfix'><\/p>\n","protected":false},"excerpt":{"rendered":"","protected":false},"author":1,"featured_media":0,"parent":0,"menu_order":0,"comment_status":"closed","ping_status":"open","template":"","meta":{"footnotes":""},"class_list":["post-477","page","type-page","status-publish","hentry"],"yoast_head":"<!-- This site is optimized with the Yoast SEO plugin v25.8 - https:\/\/yoast.com\/wordpress\/plugins\/seo\/ -->\n<title>Steckverbinder und Kabelb\u00e4ume - ALACsystems<\/title>\n<meta name=\"description\" content=\"ALACsystems - Ihr Spezialist f\u00fcr Steckverbinder und Kabelb\u00e4ume. Intelligente Neu-Entwicklung, Modifikation, Adaption und Funktionserweiterung.\" \/>\n<meta name=\"robots\" content=\"index, follow, max-snippet:-1, max-image-preview:large, max-video-preview:-1\" \/>\n<link rel=\"canonical\" href=\"https:\/\/www.alacsystems.de\/en\/startseite\/\" \/>\n<meta property=\"og:locale\" content=\"en_US\" \/>\n<meta property=\"og:type\" content=\"article\" \/>\n<meta property=\"og:title\" content=\"Steckverbinder und Kabelb\u00e4ume - ALACsystems\" \/>\n<meta property=\"og:description\" content=\"ALACsystems - Ihr Spezialist f\u00fcr Steckverbinder und Kabelb\u00e4ume. Intelligente Neu-Entwicklung, Modifikation, Adaption und Funktionserweiterung.\" \/>\n<meta property=\"og:url\" content=\"https:\/\/www.alacsystems.de\/en\/startseite\/\" \/>\n<meta property=\"og:site_name\" content=\"ALACsystems\" \/>\n<meta property=\"article:modified_time\" content=\"2016-07-21T08:04:48+00:00\" \/>\n<meta name=\"twitter:card\" content=\"summary_large_image\" \/>\n<meta name=\"twitter:site\" content=\"@ALACsystems\" \/>\n<meta name=\"twitter:label1\" content=\"Est. reading time\" \/>\n\t<meta name=\"twitter:data1\" content=\"3 minutes\" \/>\n<script type=\"application\/ld+json\" class=\"yoast-schema-graph\">{\"@context\":\"https:\/\/schema.org\",\"@graph\":[{\"@type\":\"WebPage\",\"@id\":\"https:\/\/www.alacsystems.de\/en\/startseite\/\",\"url\":\"https:\/\/www.alacsystems.de\/en\/startseite\/\",\"name\":\"Steckverbinder und Kabelb\u00e4ume - ALACsystems\",\"isPartOf\":{\"@id\":\"https:\/\/www.alacsystems.de\/en\/#website\"},\"datePublished\":\"2014-01-28T11:20:38+00:00\",\"dateModified\":\"2016-07-21T08:04:48+00:00\",\"description\":\"ALACsystems - Ihr Spezialist f\u00fcr Steckverbinder und Kabelb\u00e4ume. Intelligente Neu-Entwicklung, Modifikation, Adaption und Funktionserweiterung.\",\"breadcrumb\":{\"@id\":\"https:\/\/www.alacsystems.de\/en\/startseite\/#breadcrumb\"},\"inLanguage\":\"en-US\",\"potentialAction\":[{\"@type\":\"ReadAction\",\"target\":[\"https:\/\/www.alacsystems.de\/en\/startseite\/\"]}]},{\"@type\":\"BreadcrumbList\",\"@id\":\"https:\/\/www.alacsystems.de\/en\/startseite\/#breadcrumb\",\"itemListElement\":[{\"@type\":\"ListItem\",\"position\":1,\"name\":\"Home\",\"item\":\"https:\/\/www.alacsystems.de\/en\/start\/\"},{\"@type\":\"ListItem\",\"position\":2,\"name\":\"Connectors and Wire Harnesses\"}]},{\"@type\":\"WebSite\",\"@id\":\"https:\/\/www.alacsystems.de\/en\/#website\",\"url\":\"https:\/\/www.alacsystems.de\/en\/\",\"name\":\"ALACsystems\",\"description\":\"Steckverbinder, Kabelkonfektion und Induktive Bauelemente\",\"publisher\":{\"@id\":\"https:\/\/www.alacsystems.de\/en\/#organization\"},\"potentialAction\":[{\"@type\":\"SearchAction\",\"target\":{\"@type\":\"EntryPoint\",\"urlTemplate\":\"https:\/\/www.alacsystems.de\/en\/?s={search_term_string}\"},\"query-input\":{\"@type\":\"PropertyValueSpecification\",\"valueRequired\":true,\"valueName\":\"search_term_string\"}}],\"inLanguage\":\"en-US\"},{\"@type\":\"Organization\",\"@id\":\"https:\/\/www.alacsystems.de\/en\/#organization\",\"name\":\"ALAC GmbH\",\"url\":\"https:\/\/www.alacsystems.de\/en\/\",\"logo\":{\"@type\":\"ImageObject\",\"inLanguage\":\"en-US\",\"@id\":\"https:\/\/www.alacsystems.de\/en\/#\/schema\/logo\/image\/\",\"url\":\"https:\/\/www.alacsystems.de\/wp-content\/uploads\/2014\/09\/alac_headerlogo_blau01.png\",\"contentUrl\":\"https:\/\/www.alacsystems.de\/wp-content\/uploads\/2014\/09\/alac_headerlogo_blau01.png\",\"width\":340,\"height\":156,\"caption\":\"ALAC GmbH\"},\"image\":{\"@id\":\"https:\/\/www.alacsystems.de\/en\/#\/schema\/logo\/image\/\"},\"sameAs\":[\"https:\/\/x.com\/ALACsystems\",\"https:\/\/www.linkedin.com\/company\/18236116\"]}]}<\/script>\n<!-- \/ Yoast SEO plugin. -->","yoast_head_json":{"title":"Steckverbinder und Kabelb\u00e4ume - ALACsystems","description":"ALACsystems - Ihr Spezialist f\u00fcr Steckverbinder und Kabelb\u00e4ume. Intelligente Neu-Entwicklung, Modifikation, Adaption und Funktionserweiterung.","robots":{"index":"index","follow":"follow","max-snippet":"max-snippet:-1","max-image-preview":"max-image-preview:large","max-video-preview":"max-video-preview:-1"},"canonical":"https:\/\/www.alacsystems.de\/en\/startseite\/","og_locale":"en_US","og_type":"article","og_title":"Steckverbinder und Kabelb\u00e4ume - ALACsystems","og_description":"ALACsystems - Ihr Spezialist f\u00fcr Steckverbinder und Kabelb\u00e4ume. Intelligente Neu-Entwicklung, Modifikation, Adaption und Funktionserweiterung.","og_url":"https:\/\/www.alacsystems.de\/en\/startseite\/","og_site_name":"ALACsystems","article_modified_time":"2016-07-21T08:04:48+00:00","twitter_card":"summary_large_image","twitter_site":"@ALACsystems","twitter_misc":{"Est. reading time":"3 minutes"},"schema":{"@context":"https:\/\/schema.org","@graph":[{"@type":"WebPage","@id":"https:\/\/www.alacsystems.de\/en\/startseite\/","url":"https:\/\/www.alacsystems.de\/en\/startseite\/","name":"Steckverbinder und Kabelb\u00e4ume - ALACsystems","isPartOf":{"@id":"https:\/\/www.alacsystems.de\/en\/#website"},"datePublished":"2014-01-28T11:20:38+00:00","dateModified":"2016-07-21T08:04:48+00:00","description":"ALACsystems - Ihr Spezialist f\u00fcr Steckverbinder und Kabelb\u00e4ume. Intelligente Neu-Entwicklung, Modifikation, Adaption und Funktionserweiterung.","breadcrumb":{"@id":"https:\/\/www.alacsystems.de\/en\/startseite\/#breadcrumb"},"inLanguage":"en-US","potentialAction":[{"@type":"ReadAction","target":["https:\/\/www.alacsystems.de\/en\/startseite\/"]}]},{"@type":"BreadcrumbList","@id":"https:\/\/www.alacsystems.de\/en\/startseite\/#breadcrumb","itemListElement":[{"@type":"ListItem","position":1,"name":"Home","item":"https:\/\/www.alacsystems.de\/en\/start\/"},{"@type":"ListItem","position":2,"name":"Connectors and Wire Harnesses"}]},{"@type":"WebSite","@id":"https:\/\/www.alacsystems.de\/en\/#website","url":"https:\/\/www.alacsystems.de\/en\/","name":"ALACsystems","description":"Steckverbinder, Kabelkonfektion und Induktive Bauelemente","publisher":{"@id":"https:\/\/www.alacsystems.de\/en\/#organization"},"potentialAction":[{"@type":"SearchAction","target":{"@type":"EntryPoint","urlTemplate":"https:\/\/www.alacsystems.de\/en\/?s={search_term_string}"},"query-input":{"@type":"PropertyValueSpecification","valueRequired":true,"valueName":"search_term_string"}}],"inLanguage":"en-US"},{"@type":"Organization","@id":"https:\/\/www.alacsystems.de\/en\/#organization","name":"ALAC GmbH","url":"https:\/\/www.alacsystems.de\/en\/","logo":{"@type":"ImageObject","inLanguage":"en-US","@id":"https:\/\/www.alacsystems.de\/en\/#\/schema\/logo\/image\/","url":"https:\/\/www.alacsystems.de\/wp-content\/uploads\/2014\/09\/alac_headerlogo_blau01.png","contentUrl":"https:\/\/www.alacsystems.de\/wp-content\/uploads\/2014\/09\/alac_headerlogo_blau01.png","width":340,"height":156,"caption":"ALAC GmbH"},"image":{"@id":"https:\/\/www.alacsystems.de\/en\/#\/schema\/logo\/image\/"},"sameAs":["https:\/\/x.com\/ALACsystems","https:\/\/www.linkedin.com\/company\/18236116"]}]}},"_links":{"self":[{"href":"https:\/\/www.alacsystems.de\/en\/wp-json\/wp\/v2\/pages\/477","targetHints":{"allow":["GET"]}}],"collection":[{"href":"https:\/\/www.alacsystems.de\/en\/wp-json\/wp\/v2\/pages"}],"about":[{"href":"https:\/\/www.alacsystems.de\/en\/wp-json\/wp\/v2\/types\/page"}],"author":[{"embeddable":true,"href":"https:\/\/www.alacsystems.de\/en\/wp-json\/wp\/v2\/users\/1"}],"replies":[{"embeddable":true,"href":"https:\/\/www.alacsystems.de\/en\/wp-json\/wp\/v2\/comments?post=477"}],"version-history":[{"count":31,"href":"https:\/\/www.alacsystems.de\/en\/wp-json\/wp\/v2\/pages\/477\/revisions"}],"predecessor-version":[{"id":633,"href":"https:\/\/www.alacsystems.de\/en\/wp-json\/wp\/v2\/pages\/477\/revisions\/633"}],"wp:attachment":[{"href":"https:\/\/www.alacsystems.de\/en\/wp-json\/wp\/v2\/media?parent=477"}],"curies":[{"name":"wp","href":"https:\/\/api.w.org\/{rel}","templated":true}]}}