{"id":526,"date":"2014-09-19T13:48:10","date_gmt":"2014-09-19T11:48:10","guid":{"rendered":"http:\/\/www.alacsystems.de\/?page_id=526"},"modified":"2023-08-01T16:28:43","modified_gmt":"2023-08-01T14:28:43","slug":"impressum","status":"publish","type":"page","link":"https:\/\/www.alacsystems.de\/en\/impressum\/","title":{"rendered":"Impressum"},"content":{"rendered":"<div  class='flex_column av-1mpslp-bb3c60a61d39603429cec52180748759 av_one_half  avia-builder-el-0  el_before_av_one_half  avia-builder-el-first  first flex_column_div  '     ><p>\n<style type=\"text\/css\" data-created_by=\"avia_inline_auto\" id=\"style-css-av-1gjiad-b5f9906212aecd9c19a711c4ab435579\">\n#top .av-special-heading.av-1gjiad-b5f9906212aecd9c19a711c4ab435579{\npadding-bottom:0;\n}\nbody .av-special-heading.av-1gjiad-b5f9906212aecd9c19a711c4ab435579 .av-special-heading-tag .heading-char{\nfont-size:25px;\n}\n.av-special-heading.av-1gjiad-b5f9906212aecd9c19a711c4ab435579 .av-subheading{\nfont-size:15px;\n}\n<\/style>\n<div  class='av-special-heading av-1gjiad-b5f9906212aecd9c19a711c4ab435579 av-special-heading-h3 blockquote modern-quote  avia-builder-el-1  el_before_av_textblock  avia-builder-el-first '><h3 class='av-special-heading-tag '  itemprop=\"headline\"  >Verantwortlich f\u00fcr den Inhalt<\/h3><div class=\"special-heading-border\"><div class=\"special-heading-inner-border\"><\/div><\/div><\/div><br \/>\n<section  class='av_textblock_section av-1blp1x-71e3ba3962abb09ca2b22732df91aca5 '   itemscope=\"itemscope\" itemtype=\"https:\/\/schema.org\/CreativeWork\" ><div class='avia_textblock'  itemprop=\"text\" ><p><strong>ALACsystems GmbH<\/strong><br \/>\nIn der Welsmicke 5<br \/>\n57399 Kirchhundem<br \/>\nTel.: +49 (0) 27 64 \/ 932 0<br \/>\nFax: +49 (0) 27 64 \/ 932 111<br \/>\nMail: info@alacsystems.de<\/p>\n<\/div><\/section><\/p><\/div>\n\n<style type=\"text\/css\" data-created_by=\"avia_inline_auto\" id=\"style-css-av-1572l1-e30f3d951001c1db20b29b63714850c2\">\n.flex_column.av-1572l1-e30f3d951001c1db20b29b63714850c2{\nborder-radius:0px 0px 0px 0px;\npadding:0px 0px 0px 0px;\n}\n<\/style>\n<div  class='flex_column av-1572l1-e30f3d951001c1db20b29b63714850c2 av_one_half  avia-builder-el-3  el_after_av_one_half  el_before_av_one_full  flex_column_div av-zero-column-padding  '     ><p>\n<style type=\"text\/css\" data-created_by=\"avia_inline_auto\" id=\"style-css-av-x4hxp-5e6f95a11eb10f5dff5dea42a509fd59\">\n#top .av-special-heading.av-x4hxp-5e6f95a11eb10f5dff5dea42a509fd59{\npadding-bottom:0;\n}\nbody .av-special-heading.av-x4hxp-5e6f95a11eb10f5dff5dea42a509fd59 .av-special-heading-tag .heading-char{\nfont-size:25px;\n}\n.av-special-heading.av-x4hxp-5e6f95a11eb10f5dff5dea42a509fd59 .av-subheading{\nfont-size:15px;\n}\n<\/style>\n<div  class='av-special-heading av-x4hxp-5e6f95a11eb10f5dff5dea42a509fd59 av-special-heading-h3 blockquote modern-quote  avia-builder-el-4  el_before_av_textblock  avia-builder-el-first '><h3 class='av-special-heading-tag '  itemprop=\"headline\"  >Gesch\u00e4ftsf\u00fchrung<\/h3><div class=\"special-heading-border\"><div class=\"special-heading-inner-border\"><\/div><\/div><\/div><br \/>\n<section  class='av_textblock_section av-2r6d9-37b5d2cabb705ead6fe3504e99ee446b '   itemscope=\"itemscope\" itemtype=\"https:\/\/schema.org\/CreativeWork\" ><div class='avia_textblock'  itemprop=\"text\" ><p><strong>Kay Naber<\/strong><br \/>\nEingetragen bei Amtsgericht Siegen unter:<br \/>\nHRB 6061<br \/>\nUSt.-IdNr. DE 8114 278 13<br \/>\nSteuer-Nr. 338 5853 0871<\/p>\n<\/div><\/section><\/p><\/div>\n<div  class='flex_column av-k53jp-0f523c5cbcf0577c2952e4af2c85524c av_one_full  avia-builder-el-6  el_after_av_one_half  avia-builder-el-last  first flex_column_div  column-top-margin'     ><p>\n<style type=\"text\/css\" data-created_by=\"avia_inline_auto\" id=\"style-css-av-ey9gt-abcdba1618a12ba0930405eb11748395\">\n#top .av-special-heading.av-ey9gt-abcdba1618a12ba0930405eb11748395{\npadding-bottom:0;\n}\nbody .av-special-heading.av-ey9gt-abcdba1618a12ba0930405eb11748395 .av-special-heading-tag .heading-char{\nfont-size:25px;\n}\n.av-special-heading.av-ey9gt-abcdba1618a12ba0930405eb11748395 .av-subheading{\nfont-size:15px;\n}\n<\/style>\n<div  class='av-special-heading av-ey9gt-abcdba1618a12ba0930405eb11748395 av-special-heading-h3 blockquote modern-quote  avia-builder-el-7  el_before_av_textblock  avia-builder-el-first '><h3 class='av-special-heading-tag '  itemprop=\"headline\"  >Rechtliche Hinweise<\/h3><div class=\"special-heading-border\"><div class=\"special-heading-inner-border\"><\/div><\/div><\/div><br \/>\n<section  class='av_textblock_section av-b9rel-9d6bd35ef624d130afd0c2d1869ae429 '   itemscope=\"itemscope\" itemtype=\"https:\/\/schema.org\/CreativeWork\" ><div class='avia_textblock'  itemprop=\"text\" ><p>Rechtliche Hinweise zur Nutzung des Internetangebots der ALACsystems GmbH.<br \/>\nDie Nutzung dieses Angebots unterliegt den folgenden Bestimmungen, mit denen sie sich durch Zugriff auf diese Webseiten einverstanden erkl\u00e4ren:<\/p>\n<p><strong>Urheberrecht<\/strong><br \/>\nDiese Webseiten dienen der Information \u00fcber die ALACsystems GmbH und ihre Produkte. Die Texte, Bilder,\u00a0Grafiken und das Layout sowie die gesamte grafische Gestaltung dieser Seiten sind urheberrechtlich\u00a0gesch\u00fctzt. S\u00e4mtlicher Inhalt der Seiten darf nicht zu kommerziellen Zwecken kopiert, verbreitet oder\u00a0ver\u00e4ndert werden. Der Download sowie der Ausdruck von Texten, Bildern und grafischen Elementen\u00a0ist nur zum pers\u00f6nlichen, privaten und nicht kommerziellen Gebrauch gestattet. Eine Vervielf\u00e4ltigung\u00a0von Grafiken, Bildern, Tondokumenten, Videosequenzen und Texten in anderen elektronischen oder\u00a0gedruckten Publikationen ist nur nach schriftlicher Zustimmung der Firma ALACsystems GmbH zul\u00e4ssig.<\/p>\n<p><strong>Haftungsausschluss f\u00fcr Informationen<\/strong><br \/>\nDie Inhalte dieser Webseiten dienen lediglich allgemeinen Informationszwecken. Auch wenn alle\u00a0Angaben auf ihre Richtigkeit und Vollst\u00e4ndigkeit gepr\u00fcft wurden, k\u00f6nnen diese trotzdem Fehler oder\u00a0Ungenauigkeiten enthalten. Die ALACsystems GmbH \u00fcbernimmt deshalb hinsichtlich der Richtigkeit, Vollst\u00e4ndigkeit und Aktualit\u00e4t der Angaben auf ihrer Webseite keine Haftung f\u00fcr Sch\u00e4den materieller\u00a0oder ideeller Art, die durch die Nutzung fehlerhafter oder unvollst\u00e4ndiger Informationen innerhalb\u00a0dieses Internetangebots entstehen.<br \/>\nDie ALACsystems GmbH beh\u00e4lt sich ausdr\u00fccklich vor, Teile der Seiten oder das gesamte Angebot ohne\u00a0gesonderte Ank\u00fcndigung zu ver\u00e4ndern, zu erg\u00e4nzen, zu l\u00f6schen oder die Ver\u00f6ffentlichung zeitweise\u00a0oder endg\u00fcltig einzustellen.<\/p>\n<p><strong>Haftungsausschluss f\u00fcr Links<\/strong><br \/>\nDie ALACsystems GmbH bem\u00fcht sich um eine Kontrolle der Inhalte derjenigen fremden Internetseiten, auf\u00a0die im Rahmen ihres Internetangebots direkt oder indirekt durch Links verwiesen wird. Da die Ver\u00e4nderung dieser Inhalte au\u00dferhalb des Einflussbereiches der ALACsystems GmbH liegt, kann eine Haftung f\u00fcr\u00a0externe Links insbesondere deren Inhalte nicht \u00fcbernommen werden. Die ALACsystems GmbH erkl\u00e4rt deshalb\u00a0ausdr\u00fccklich, dass sie sich den Inhalt der verlinkten Seiten nicht zu eigen macht. F\u00fcr Sch\u00e4den, die aus\u00a0der Nutzung dieser fremden Seiten entstehen, haftet alleine der Anbieter der Seite, auf welche verwiesen wurde.<\/p>\n<p><strong>Datenschutz<\/strong><br \/>\nSofern innerhalb des Internetangebots der ALACsystemsC GmbH die M\u00f6glichkeit zur Eingabe pers\u00f6nlicher\u00a0oder gesch\u00e4ftlicher Daten besteht, erfolgt diese Angabe der Daten durch den Nutzer auf ausdr\u00fccklich\u00a0freiwilliger Basis. Die ALACsystems GmbH erkl\u00e4rt ausdr\u00fccklich, dass diese Daten nur zu dem angegebenen\u00a0Zweck verwendet und nicht an Dritte weitergegeben werden. Alle Angaben werden den geltenden\u00a0<a title=\"Datenschutz\" href=\"https:\/\/www.alacsystems.de\/wordpress\/datenschutz\/\">datenschutzrechtlichen Bestimmungen<\/a> vertraulich behandelt.<\/p>\n<\/div><\/section><\/p><\/div>\n","protected":false},"excerpt":{"rendered":"","protected":false},"author":1,"featured_media":0,"parent":0,"menu_order":0,"comment_status":"closed","ping_status":"open","template":"","meta":{"footnotes":""},"class_list":["post-526","page","type-page","status-publish","hentry"],"yoast_head":"<!-- This site is optimized with the Yoast SEO plugin v25.8 - https:\/\/yoast.com\/wordpress\/plugins\/seo\/ -->\n<title>Impressum - ALACsystems<\/title>\n<meta name=\"robots\" content=\"index, follow, max-snippet:-1, max-image-preview:large, max-video-preview:-1\" \/>\n<link rel=\"canonical\" href=\"https:\/\/www.alacsystems.de\/en\/impressum\/\" \/>\n<meta property=\"og:locale\" content=\"en_US\" \/>\n<meta property=\"og:type\" content=\"article\" \/>\n<meta property=\"og:title\" content=\"Impressum - ALACsystems\" \/>\n<meta property=\"og:url\" content=\"https:\/\/www.alacsystems.de\/en\/impressum\/\" \/>\n<meta property=\"og:site_name\" content=\"ALACsystems\" \/>\n<meta property=\"article:modified_time\" content=\"2023-08-01T14:28:43+00:00\" \/>\n<meta name=\"twitter:card\" content=\"summary_large_image\" \/>\n<meta name=\"twitter:site\" content=\"@ALACsystems\" \/>\n<meta name=\"twitter:label1\" content=\"Est. reading time\" \/>\n\t<meta name=\"twitter:data1\" content=\"4 minutes\" \/>\n<script type=\"application\/ld+json\" class=\"yoast-schema-graph\">{\"@context\":\"https:\/\/schema.org\",\"@graph\":[{\"@type\":\"WebPage\",\"@id\":\"https:\/\/www.alacsystems.de\/en\/impressum\/\",\"url\":\"https:\/\/www.alacsystems.de\/en\/impressum\/\",\"name\":\"Impressum - ALACsystems\",\"isPartOf\":{\"@id\":\"https:\/\/www.alacsystems.de\/en\/#website\"},\"datePublished\":\"2014-09-19T11:48:10+00:00\",\"dateModified\":\"2023-08-01T14:28:43+00:00\",\"breadcrumb\":{\"@id\":\"https:\/\/www.alacsystems.de\/en\/impressum\/#breadcrumb\"},\"inLanguage\":\"en-US\",\"potentialAction\":[{\"@type\":\"ReadAction\",\"target\":[\"https:\/\/www.alacsystems.de\/en\/impressum\/\"]}]},{\"@type\":\"BreadcrumbList\",\"@id\":\"https:\/\/www.alacsystems.de\/en\/impressum\/#breadcrumb\",\"itemListElement\":[{\"@type\":\"ListItem\",\"position\":1,\"name\":\"Home\",\"item\":\"https:\/\/www.alacsystems.de\/en\/start\/\"},{\"@type\":\"ListItem\",\"position\":2,\"name\":\"Impressum\"}]},{\"@type\":\"WebSite\",\"@id\":\"https:\/\/www.alacsystems.de\/en\/#website\",\"url\":\"https:\/\/www.alacsystems.de\/en\/\",\"name\":\"ALACsystems\",\"description\":\"Steckverbinder, Kabelkonfektion und Induktive Bauelemente\",\"publisher\":{\"@id\":\"https:\/\/www.alacsystems.de\/en\/#organization\"},\"potentialAction\":[{\"@type\":\"SearchAction\",\"target\":{\"@type\":\"EntryPoint\",\"urlTemplate\":\"https:\/\/www.alacsystems.de\/en\/?s={search_term_string}\"},\"query-input\":{\"@type\":\"PropertyValueSpecification\",\"valueRequired\":true,\"valueName\":\"search_term_string\"}}],\"inLanguage\":\"en-US\"},{\"@type\":\"Organization\",\"@id\":\"https:\/\/www.alacsystems.de\/en\/#organization\",\"name\":\"ALAC GmbH\",\"url\":\"https:\/\/www.alacsystems.de\/en\/\",\"logo\":{\"@type\":\"ImageObject\",\"inLanguage\":\"en-US\",\"@id\":\"https:\/\/www.alacsystems.de\/en\/#\/schema\/logo\/image\/\",\"url\":\"https:\/\/www.alacsystems.de\/wp-content\/uploads\/2014\/09\/alac_headerlogo_blau01.png\",\"contentUrl\":\"https:\/\/www.alacsystems.de\/wp-content\/uploads\/2014\/09\/alac_headerlogo_blau01.png\",\"width\":340,\"height\":156,\"caption\":\"ALAC GmbH\"},\"image\":{\"@id\":\"https:\/\/www.alacsystems.de\/en\/#\/schema\/logo\/image\/\"},\"sameAs\":[\"https:\/\/x.com\/ALACsystems\",\"https:\/\/www.linkedin.com\/company\/18236116\"]}]}<\/script>\n<!-- \/ Yoast SEO plugin. -->","yoast_head_json":{"title":"Impressum - ALACsystems","robots":{"index":"index","follow":"follow","max-snippet":"max-snippet:-1","max-image-preview":"max-image-preview:large","max-video-preview":"max-video-preview:-1"},"canonical":"https:\/\/www.alacsystems.de\/en\/impressum\/","og_locale":"en_US","og_type":"article","og_title":"Impressum - ALACsystems","og_url":"https:\/\/www.alacsystems.de\/en\/impressum\/","og_site_name":"ALACsystems","article_modified_time":"2023-08-01T14:28:43+00:00","twitter_card":"summary_large_image","twitter_site":"@ALACsystems","twitter_misc":{"Est. reading time":"4 minutes"},"schema":{"@context":"https:\/\/schema.org","@graph":[{"@type":"WebPage","@id":"https:\/\/www.alacsystems.de\/en\/impressum\/","url":"https:\/\/www.alacsystems.de\/en\/impressum\/","name":"Impressum - ALACsystems","isPartOf":{"@id":"https:\/\/www.alacsystems.de\/en\/#website"},"datePublished":"2014-09-19T11:48:10+00:00","dateModified":"2023-08-01T14:28:43+00:00","breadcrumb":{"@id":"https:\/\/www.alacsystems.de\/en\/impressum\/#breadcrumb"},"inLanguage":"en-US","potentialAction":[{"@type":"ReadAction","target":["https:\/\/www.alacsystems.de\/en\/impressum\/"]}]},{"@type":"BreadcrumbList","@id":"https:\/\/www.alacsystems.de\/en\/impressum\/#breadcrumb","itemListElement":[{"@type":"ListItem","position":1,"name":"Home","item":"https:\/\/www.alacsystems.de\/en\/start\/"},{"@type":"ListItem","position":2,"name":"Impressum"}]},{"@type":"WebSite","@id":"https:\/\/www.alacsystems.de\/en\/#website","url":"https:\/\/www.alacsystems.de\/en\/","name":"ALACsystems","description":"Steckverbinder, Kabelkonfektion und Induktive Bauelemente","publisher":{"@id":"https:\/\/www.alacsystems.de\/en\/#organization"},"potentialAction":[{"@type":"SearchAction","target":{"@type":"EntryPoint","urlTemplate":"https:\/\/www.alacsystems.de\/en\/?s={search_term_string}"},"query-input":{"@type":"PropertyValueSpecification","valueRequired":true,"valueName":"search_term_string"}}],"inLanguage":"en-US"},{"@type":"Organization","@id":"https:\/\/www.alacsystems.de\/en\/#organization","name":"ALAC GmbH","url":"https:\/\/www.alacsystems.de\/en\/","logo":{"@type":"ImageObject","inLanguage":"en-US","@id":"https:\/\/www.alacsystems.de\/en\/#\/schema\/logo\/image\/","url":"https:\/\/www.alacsystems.de\/wp-content\/uploads\/2014\/09\/alac_headerlogo_blau01.png","contentUrl":"https:\/\/www.alacsystems.de\/wp-content\/uploads\/2014\/09\/alac_headerlogo_blau01.png","width":340,"height":156,"caption":"ALAC GmbH"},"image":{"@id":"https:\/\/www.alacsystems.de\/en\/#\/schema\/logo\/image\/"},"sameAs":["https:\/\/x.com\/ALACsystems","https:\/\/www.linkedin.com\/company\/18236116"]}]}},"_links":{"self":[{"href":"https:\/\/www.alacsystems.de\/en\/wp-json\/wp\/v2\/pages\/526","targetHints":{"allow":["GET"]}}],"collection":[{"href":"https:\/\/www.alacsystems.de\/en\/wp-json\/wp\/v2\/pages"}],"about":[{"href":"https:\/\/www.alacsystems.de\/en\/wp-json\/wp\/v2\/types\/page"}],"author":[{"embeddable":true,"href":"https:\/\/www.alacsystems.de\/en\/wp-json\/wp\/v2\/users\/1"}],"replies":[{"embeddable":true,"href":"https:\/\/www.alacsystems.de\/en\/wp-json\/wp\/v2\/comments?post=526"}],"version-history":[{"count":6,"href":"https:\/\/www.alacsystems.de\/en\/wp-json\/wp\/v2\/pages\/526\/revisions"}],"predecessor-version":[{"id":5337,"href":"https:\/\/www.alacsystems.de\/en\/wp-json\/wp\/v2\/pages\/526\/revisions\/5337"}],"wp:attachment":[{"href":"https:\/\/www.alacsystems.de\/en\/wp-json\/wp\/v2\/media?parent=526"}],"curies":[{"name":"wp","href":"https:\/\/api.w.org\/{rel}","templated":true}]}}